{"id":3660,"date":"2022-12-01T08:51:30","date_gmt":"2022-12-01T08:51:30","guid":{"rendered":"https:\/\/marescle.fr\/?page_id=3660"},"modified":"2023-02-28T17:27:52","modified_gmt":"2023-02-28T17:27:52","slug":"fiche-de-renseignement","status":"publish","type":"page","link":"https:\/\/marescle.fr\/?page_id=3660","title":{"rendered":"Fiche de renseignement"},"content":{"rendered":"\t\t<div data-elementor-type=\"wp-page\" data-elementor-id=\"3660\" class=\"elementor elementor-3660\">\n\t\t\t\t\t\t<section class=\"elementor-section elementor-top-section elementor-element elementor-element-e1c22d2 elementor-section-boxed elementor-section-height-default elementor-section-height-default wpr-particle-no wpr-jarallax-no wpr-parallax-no wpr-sticky-section-no wpr-equal-height-no\" data-id=\"e1c22d2\" data-element_type=\"section\" data-e-type=\"section\">\n\t\t\t\t\t\t<div class=\"elementor-container elementor-column-gap-default\">\n\t\t\t\t\t<div class=\"elementor-column elementor-col-33 elementor-top-column elementor-element elementor-element-2bd5499\" data-id=\"2bd5499\" data-element_type=\"column\" data-e-type=\"column\">\n\t\t\t<div class=\"elementor-widget-wrap\">\n\t\t\t\t\t\t\t<\/div>\n\t\t<\/div>\n\t\t\t\t<div class=\"elementor-column elementor-col-33 elementor-top-column elementor-element elementor-element-ee4a4b5\" data-id=\"ee4a4b5\" data-element_type=\"column\" data-e-type=\"column\">\n\t\t\t<div class=\"elementor-widget-wrap elementor-element-populated\">\n\t\t\t\t\t\t<div class=\"elementor-element elementor-element-ab5716e elementor-widget elementor-widget-shortcode\" data-id=\"ab5716e\" data-element_type=\"widget\" data-e-type=\"widget\" data-widget_type=\"shortcode.default\">\n\t\t\t\t<div class=\"elementor-widget-container\">\n\t\t\t\t\t\t\t<div class=\"elementor-shortcode\">\n<div class=\"wpcf7 no-js\" id=\"wpcf7-f3652-o1\" lang=\"fr-FR\" dir=\"ltr\" data-wpcf7-id=\"3652\">\n<div class=\"screen-reader-response\"><p role=\"status\" aria-live=\"polite\" aria-atomic=\"true\"><\/p> <ul><\/ul><\/div>\n<form action=\"\/index.php?rest_route=%2Fwp%2Fv2%2Fpages%2F3660#wpcf7-f3652-o1\" method=\"post\" class=\"wpcf7-form init\" aria-label=\"Formulaire de contact\" novalidate=\"novalidate\" data-status=\"init\">\n<fieldset class=\"hidden-fields-container\"><input type=\"hidden\" name=\"_wpcf7\" value=\"3652\" \/><input type=\"hidden\" name=\"_wpcf7_version\" value=\"6.1.5\" \/><input type=\"hidden\" name=\"_wpcf7_locale\" value=\"fr_FR\" \/><input type=\"hidden\" name=\"_wpcf7_unit_tag\" value=\"wpcf7-f3652-o1\" \/><input type=\"hidden\" name=\"_wpcf7_container_post\" value=\"0\" \/><input type=\"hidden\" name=\"_wpcf7_posted_data_hash\" value=\"\" \/><input type=\"hidden\" name=\"redirect_nonce\" value=\"4d62733fd5\" \/><input type=\"hidden\" name=\"wpcf7cfpdf_hidden_name\" value=\"Fiche-de-renseignements-text-commune-nom-enseignant\" \/><input type=\"hidden\" name=\"wpcf7cfpdf_hidden_reference\" value=\"693e532b\" \/><input type=\"hidden\" name=\"wpcf7cfpdf_hidden_date\" value=\"avril30,2026\" \/>\n<\/fieldset>\n<p><label> Commune :<br \/>\n<span class=\"wpcf7-form-control-wrap\" data-name=\"text-commune\"><input size=\"40\" maxlength=\"400\" class=\"wpcf7-form-control wpcf7-text\" aria-invalid=\"false\" value=\"\" type=\"text\" name=\"text-commune\" \/><\/span> <\/label>\n<\/p>\n<p><label> Nom de \u00c9cole :<br \/>\n<span class=\"wpcf7-form-control-wrap\" data-name=\"text-ecole\"><input size=\"40\" maxlength=\"400\" class=\"wpcf7-form-control wpcf7-text\" aria-invalid=\"false\" value=\"\" type=\"text\" name=\"text-ecole\" \/><\/span> <\/label>\n<\/p>\n<p><label> Nom de l'enseignant.e :<br \/>\n<span class=\"wpcf7-form-control-wrap\" data-name=\"nom-enseignant\"><input size=\"40\" maxlength=\"400\" class=\"wpcf7-form-control wpcf7-text wpcf7-validates-as-required\" aria-required=\"true\" aria-invalid=\"false\" value=\"\" type=\"text\" name=\"nom-enseignant\" \/><\/span> <\/label>\n<\/p>\n<p><label> Nombre d'accompagnateur(s) \u00e9ventuel(s) :<br \/>\n<span class=\"wpcf7-form-control-wrap\" data-name=\"nombre-accompagnateur\"><input class=\"wpcf7-form-control wpcf7-number wpcf7-validates-as-number\" min=\"0\" max=\"5\" aria-invalid=\"false\" value=\"0\" type=\"number\" name=\"nombre-accompagnateur\" \/><\/span><\/label>\n<\/p>\n<p><label> Nombre d'\u00e9l\u00e8ves :<br \/>\n<span class=\"wpcf7-form-control-wrap\" data-name=\"nombre-eleve\"><input class=\"wpcf7-form-control wpcf7-number wpcf7-validates-as-number\" min=\"0\" aria-invalid=\"false\" value=\"\" type=\"number\" name=\"nombre-eleve\" \/><\/span> <\/label>\n<\/p>\n<p><label> Niveau de classe :<br \/>\n<span class=\"wpcf7-form-control-wrap\" data-name=\"niveau-classe\"><input size=\"40\" maxlength=\"400\" class=\"wpcf7-form-control wpcf7-text wpcf7-validates-as-required\" aria-required=\"true\" aria-invalid=\"false\" value=\"\" type=\"text\" name=\"niveau-classe\" \/><\/span> <\/label>\n<\/p>\n<p><label> Date du s\u00e9jour :<br \/>\ndu <span class=\"wpcf7-form-control-wrap\" data-name=\"date-sejourdeb\"><input class=\"wpcf7-form-control wpcf7-date wpcf7-validates-as-date\" min=\"2023-01-01\" aria-invalid=\"false\" value=\"\" type=\"date\" name=\"date-sejourdeb\" \/><\/span> au <\/label><br \/>\n<label> <span class=\"wpcf7-form-control-wrap\" data-name=\"date-sejourfin\"><input class=\"wpcf7-form-control wpcf7-date wpcf7-validates-as-date\" min=\"2023-01-01\" aria-invalid=\"false\" value=\"\" type=\"date\" name=\"date-sejourfin\" \/><\/span><\/label>\n<\/p>\n<laber> Type de s\u00e9jour :\n\t<p><span class=\"wpcf7-form-control-wrap\" data-name=\"radio-typesejour\"><span class=\"wpcf7-form-control wpcf7-radio\"><span class=\"wpcf7-list-item first\"><label><input type=\"radio\" name=\"radio-typesejour\" value=\"D\u00e9couverte du Milieu Marin\" checked=\"checked\" \/><span class=\"wpcf7-list-item-label\">D\u00e9couverte du Milieu Marin<\/span><\/label><\/span><span class=\"wpcf7-list-item\"><label><input type=\"radio\" name=\"radio-typesejour\" value=\"Voile\" \/><span class=\"wpcf7-list-item-label\">Voile<\/span><\/label><\/span><span class=\"wpcf7-list-item last\"><label><input type=\"radio\" name=\"radio-typesejour\" value=\"Autre\" \/><span class=\"wpcf7-list-item-label\">Autre<\/span><\/label><\/span><\/span><\/span>\n\t<\/p>\n\t<p><strong>Les activit\u00e9s de d\u00e9couverte<\/strong>\n\t<\/p>\n\t<p>Merci de choisir 7 activit\u00e9s de d\u00e9couverte parmi la liste ci-dessous :\n\t<\/p>\n\t<p><span class=\"wpcf7-form-control-wrap\" data-name=\"checkbox-actidec\"><span class=\"wpcf7-form-control wpcf7-checkbox\"><span class=\"wpcf7-list-item first\"><label><input type=\"checkbox\" name=\"checkbox-actidec[]\" value=\"Bataille contre la Mer\" \/><span class=\"wpcf7-list-item-label\">Bataille contre la Mer<\/span><\/label><\/span><span class=\"wpcf7-list-item\"><label><input type=\"checkbox\" name=\"checkbox-actidec[]\" value=\"La Mine d&#039;Or - Balade Cont\u00e9e\" \/><span class=\"wpcf7-list-item-label\">La Mine d&#039;Or - Balade Cont\u00e9e<\/span><\/label><\/span><span class=\"wpcf7-list-item\"><label><input type=\"checkbox\" name=\"checkbox-actidec[]\" value=\"Loscolo : Lecture de Paysage\" \/><span class=\"wpcf7-list-item-label\">Loscolo : Lecture de Paysage<\/span><\/label><\/span><span class=\"wpcf7-list-item\"><label><input type=\"checkbox\" name=\"checkbox-actidec[]\" value=\"Loscolo : Jeu des coquillages\" \/><span class=\"wpcf7-list-item-label\">Loscolo : Jeu des coquillages<\/span><\/label><\/span><span class=\"wpcf7-list-item\"><label><input type=\"checkbox\" name=\"checkbox-actidec[]\" value=\"Jeu d&#039;orientation\" \/><span class=\"wpcf7-list-item-label\">Jeu d&#039;orientation<\/span><\/label><\/span><span class=\"wpcf7-list-item\"><label><input type=\"checkbox\" name=\"checkbox-actidec[]\" value=\"Initiation \u00e0 la boussole\" \/><span class=\"wpcf7-list-item-label\">Initiation \u00e0 la boussole<\/span><\/label><\/span><span class=\"wpcf7-list-item\"><label><input type=\"checkbox\" name=\"checkbox-actidec[]\" value=\"P\u00eache \u00e0 Pied et Aquarium\" \/><span class=\"wpcf7-list-item-label\">P\u00eache \u00e0 Pied et Aquarium<\/span><\/label><\/span><span class=\"wpcf7-list-item\"><label><input type=\"checkbox\" name=\"checkbox-actidec[]\" value=\"P\u00eache \u00e0 Pied SANS Aquarium\" \/><span class=\"wpcf7-list-item-label\">P\u00eache \u00e0 Pied SANS Aquarium<\/span><\/label><\/span><span class=\"wpcf7-list-item\"><label><input type=\"checkbox\" name=\"checkbox-actidec[]\" value=\"Rallye Pollutions\" \/><span class=\"wpcf7-list-item-label\">Rallye Pollutions<\/span><\/label><\/span><span class=\"wpcf7-list-item\"><label><input type=\"checkbox\" name=\"checkbox-actidec[]\" value=\"D\u00e9fi Laisse de mer\" \/><span class=\"wpcf7-list-item-label\">D\u00e9fi Laisse de mer<\/span><\/label><\/span><span class=\"wpcf7-list-item\"><label><input type=\"checkbox\" name=\"checkbox-actidec[]\" value=\"Land Art\" \/><span class=\"wpcf7-list-item-label\">Land Art<\/span><\/label><\/span><span class=\"wpcf7-list-item\"><label><input type=\"checkbox\" name=\"checkbox-actidec[]\" value=\"Fabrication de Cerf-Volant\" \/><span class=\"wpcf7-list-item-label\">Fabrication de Cerf-Volant<\/span><\/label><\/span><span class=\"wpcf7-list-item\"><label><input type=\"checkbox\" name=\"checkbox-actidec[]\" value=\"Aqua BCD\" \/><span class=\"wpcf7-list-item-label\">Aqua BCD<\/span><\/label><\/span><span class=\"wpcf7-list-item\"><label><input type=\"checkbox\" name=\"checkbox-actidec[]\" value=\"Jeu de d\u00e9termination d&#039;oiseaux\" \/><span class=\"wpcf7-list-item-label\">Jeu de d\u00e9termination d&#039;oiseaux<\/span><\/label><\/span><span class=\"wpcf7-list-item last\"><label><input type=\"checkbox\" name=\"checkbox-actidec[]\" value=\"Les Oiseaux du bord de mer\" \/><span class=\"wpcf7-list-item-label\">Les Oiseaux du bord de mer<\/span><\/label><\/span><\/span><\/span>\n\t<\/p>\n\t<p>Le nombre d'Activit\u00e9s de D\u00e9couverte qui sera mise en place dans votre planning d\u00e9pend de votre type de s\u00e9jour (voile ou d\u00e9couverte du milieu) et de la dur\u00e9e.<br \/>\n<span style=\"color: #3366ff;\"><strong><a style=\"color: #3366ff;\" href=\"https:\/\/marescle.fr\/?page_id=1892\" target=\"_blank\" rel=\"noopener\">&gt;Plus d'infos sur les Activit\u00e9s de D\u00e9couverte<\/a><\/strong><\/span>\n\t<\/p>\n\t<p><strong>Les Sorties <\/strong><br \/>\nNous vous proposons diff\u00e9rentes sorties \u00e0 la journ\u00e9e pour votre s\u00e9jour, merci d'en choisir une.\n\t<\/p>\n\t<p><span class=\"wpcf7-form-control-wrap\" data-name=\"checkbox-472\"><span class=\"wpcf7-form-control wpcf7-checkbox\"><span class=\"wpcf7-list-item first\"><label><input type=\"checkbox\" name=\"checkbox-472[]\" value=\"Oc\u00e9arium et Gu\u00e9rande\" \/><span class=\"wpcf7-list-item-label\">Oc\u00e9arium et Gu\u00e9rande<\/span><\/label><\/span><span class=\"wpcf7-list-item\"><label><input type=\"checkbox\" name=\"checkbox-472[]\" value=\"Oc\u00e9arium et Le Port de la Turballe\" \/><span class=\"wpcf7-list-item-label\">Oc\u00e9arium et Le Port de la Turballe<\/span><\/label><\/span><span class=\"wpcf7-list-item\"><label><input type=\"checkbox\" name=\"checkbox-472[]\" value=\"Terre de Sel et Gu\u00e9rande\" \/><span class=\"wpcf7-list-item-label\">Terre de Sel et Gu\u00e9rande<\/span><\/label><\/span><span class=\"wpcf7-list-item\"><label><input type=\"checkbox\" name=\"checkbox-472[]\" value=\"Terre de Sel et Le Port de la Turballe\" \/><span class=\"wpcf7-list-item-label\">Terre de Sel et Le Port de la Turballe<\/span><\/label><\/span><span class=\"wpcf7-list-item\"><label><input type=\"checkbox\" name=\"checkbox-472[]\" value=\"Ile de F\u00e9drun et Gu\u00e9rande\" \/><span class=\"wpcf7-list-item-label\">Ile de F\u00e9drun et Gu\u00e9rande<\/span><\/label><\/span><span class=\"wpcf7-list-item\"><label><input type=\"checkbox\" name=\"checkbox-472[]\" value=\"Ile de F\u00e9drun + Le Port de La Turballe\" \/><span class=\"wpcf7-list-item-label\">Ile de F\u00e9drun + Le Port de La Turballe<\/span><\/label><\/span><span class=\"wpcf7-list-item\"><label><input type=\"checkbox\" name=\"checkbox-472[]\" value=\"Saint-Nazaire : Escale Atlantic et Sous Marin (suppl\u00e9ment de 7\u20ac\/enfants)\" \/><span class=\"wpcf7-list-item-label\">Saint-Nazaire : Escale Atlantic et Sous Marin (suppl\u00e9ment de 7\u20ac\/enfants)<\/span><\/label><\/span><span class=\"wpcf7-list-item\"><label><input type=\"checkbox\" name=\"checkbox-472[]\" value=\"La For\u00eat de Broc\u00e9liande (suppl\u00e9ment de 15\u20ac\/enfants)\" \/><span class=\"wpcf7-list-item-label\">La For\u00eat de Broc\u00e9liande (suppl\u00e9ment de 15\u20ac\/enfants)<\/span><\/label><\/span><span class=\"wpcf7-list-item last\"><label><input type=\"checkbox\" name=\"checkbox-472[]\" value=\"Visite du Mus\u00e9e de la Mytiliculture (d\u00e9placement en v\u00e9lo - Cycle 3)\" \/><span class=\"wpcf7-list-item-label\">Visite du Mus\u00e9e de la Mytiliculture (d\u00e9placement en v\u00e9lo - Cycle 3)<\/span><\/label><\/span><\/span><\/span>\n\t<\/p>\n\t<p><span style=\"color: #3366ff;\"><a style=\"color: #3366ff;\" title=\"Les Sorties\" href=\"https:\/\/marescle.fr\/?page_id=2874\" target=\"_blank\" rel=\"noopener\"><strong>&gt;Plus d'infos sur les Sorties<\/strong><\/a><\/span>\n\t<\/p>\n\t<p><strong>Les Souvenirs<\/strong><br \/>\nPour l'achat de souvenirs, il y a plusieurs possibilit\u00e9s :<br \/>\n<span class=\"wpcf7-form-control-wrap\" data-name=\"checkbox-souvenirs\"><span class=\"wpcf7-form-control wpcf7-checkbox\"><span class=\"wpcf7-list-item first\"><label><input type=\"checkbox\" name=\"checkbox-souvenirs[]\" value=\"Les enfants n&#039;auront pas d&#039;argent de poche\" \/><span class=\"wpcf7-list-item-label\">Les enfants n&#039;auront pas d&#039;argent de poche<\/span><\/label><\/span><span class=\"wpcf7-list-item\"><label><input type=\"checkbox\" name=\"checkbox-souvenirs[]\" value=\"En boutique, lors de la sortie \u00e0 Gu\u00e9rande ou l&#039;Oc\u00e9arium\" \/><span class=\"wpcf7-list-item-label\">En boutique, lors de la sortie \u00e0 Gu\u00e9rande ou l&#039;Oc\u00e9arium<\/span><\/label><\/span><span class=\"wpcf7-list-item last\"><label><input type=\"checkbox\" name=\"checkbox-souvenirs[]\" value=\"Commander au Centre des produits r\u00e9gionaux\" \/><span class=\"wpcf7-list-item-label\">Commander au Centre des produits r\u00e9gionaux<\/span><\/label><\/span><\/span><\/span><br \/>\nDes cartes postales sont disponibles \u00e0 la vente au Centre<br \/>\n<span style=\"color: #3366ff;\"><strong>&gt; <\/strong><strong><a href=\"https:\/\/marescle.fr\/wp-content\/uploads\/2023\/01\/SOUVENIRS-DE-PRODUITS-LOCAUX.pdf\" target=\"_blank\" rel=\"noopener\">Voir les produits r\u00e9gionaux<\/a><\/strong>\u00a0<\/span>\n\t<\/p>\n\t<p>Si vous avez des informations compl\u00e9mentaires \u00e0 nous communiquer :\n\t<\/p>\n\t<p><label> Votre message (facultatif)<br \/>\n<span class=\"wpcf7-form-control-wrap\" data-name=\"your-message\"><textarea cols=\"40\" rows=\"10\" maxlength=\"2000\" class=\"wpcf7-form-control wpcf7-textarea\" aria-invalid=\"false\" name=\"your-message\"><\/textarea><\/span> <\/label>\n\t<\/p>\n\t<p>Merci d'avoir rempli cette fiche de renseignement.<br \/>\nPour finaliser, veuillez rentrer votre contact.\n\t<\/p>\n\t<p><label> Votre email <span class=\"wpcf7-form-control-wrap\" data-name=\"email-301\"><input size=\"40\" maxlength=\"400\" class=\"wpcf7-form-control wpcf7-email wpcf7-validates-as-required wpcf7-text wpcf7-validates-as-email\" aria-required=\"true\" aria-invalid=\"false\" value=\"\" type=\"email\" name=\"email-301\" \/><\/span> <\/label><br \/>\n<label> Votre t\u00e9l\u00e9phone <span class=\"wpcf7-form-control-wrap\" data-name=\"tel-928\"><input size=\"40\" maxlength=\"400\" class=\"wpcf7-form-control wpcf7-tel wpcf7-text wpcf7-validates-as-tel\" aria-invalid=\"false\" value=\"\" type=\"tel\" name=\"tel-928\" \/><\/span> <\/label>\n\t<\/p>\n\t<p>A tr\u00e8s vite\n\t<\/p>\n\t<p><input class=\"wpcf7-form-control wpcf7-submit has-spinner\" type=\"submit\" value=\"Envoyer\" \/>\n\t<\/p>\n<\/laber><div class=\"wpcf7-response-output\" aria-hidden=\"true\"><\/div>\n<\/form>\n<\/div>\n<\/div>\n\t\t\t\t\t\t<\/div>\n\t\t\t\t<\/div>\n\t\t\t\t\t<\/div>\n\t\t<\/div>\n\t\t\t\t<div class=\"elementor-column elementor-col-33 elementor-top-column elementor-element elementor-element-d1ba6d4\" data-id=\"d1ba6d4\" data-element_type=\"column\" data-e-type=\"column\">\n\t\t\t<div class=\"elementor-widget-wrap\">\n\t\t\t\t\t\t\t<\/div>\n\t\t<\/div>\n\t\t\t\t\t<\/div>\n\t\t<\/section>\n\t\t\t\t<\/div>\n\t\t","protected":false},"excerpt":{"rendered":"","protected":false},"author":1,"featured_media":0,"parent":0,"menu_order":0,"comment_status":"closed","ping_status":"closed","template":"","meta":{"om_disable_all_campaigns":false,"_mi_skip_tracking":false,"_monsterinsights_sitenote_active":false,"_monsterinsights_sitenote_note":"","_monsterinsights_sitenote_category":0,"site-sidebar-layout":"no-sidebar","site-content-layout":"page-builder","ast-global-header-display":"","ast-main-header-display":"","ast-hfb-above-header-display":"","ast-hfb-below-header-display":"","ast-hfb-mobile-header-display":"","site-post-title":"disabled","ast-breadcrumbs-content":"","ast-featured-img":"disabled","footer-sml-layout":"","theme-transparent-header-meta":"","adv-header-id-meta":"","stick-header-meta":"","header-above-stick-meta":"","header-main-stick-meta":"","header-below-stick-meta":"","_glsr_average":0,"_glsr_ranking":0,"_glsr_reviews":0,"footnotes":""},"class_list":["post-3660","page","type-page","status-publish","hentry"],"aioseo_notices":[],"_links":{"self":[{"href":"https:\/\/marescle.fr\/index.php?rest_route=\/wp\/v2\/pages\/3660","targetHints":{"allow":["GET"]}}],"collection":[{"href":"https:\/\/marescle.fr\/index.php?rest_route=\/wp\/v2\/pages"}],"about":[{"href":"https:\/\/marescle.fr\/index.php?rest_route=\/wp\/v2\/types\/page"}],"author":[{"embeddable":true,"href":"https:\/\/marescle.fr\/index.php?rest_route=\/wp\/v2\/users\/1"}],"replies":[{"embeddable":true,"href":"https:\/\/marescle.fr\/index.php?rest_route=%2Fwp%2Fv2%2Fcomments&post=3660"}],"version-history":[{"count":22,"href":"https:\/\/marescle.fr\/index.php?rest_route=\/wp\/v2\/pages\/3660\/revisions"}],"predecessor-version":[{"id":4333,"href":"https:\/\/marescle.fr\/index.php?rest_route=\/wp\/v2\/pages\/3660\/revisions\/4333"}],"wp:attachment":[{"href":"https:\/\/marescle.fr\/index.php?rest_route=%2Fwp%2Fv2%2Fmedia&parent=3660"}],"curies":[{"name":"wp","href":"https:\/\/api.w.org\/{rel}","templated":true}]}}